{"id":44,"date":"2025-05-31T15:24:01","date_gmt":"2025-05-31T15:24:01","guid":{"rendered":"https:\/\/municipal.actiontracker.eu\/?page_id=44"},"modified":"2025-05-31T15:26:01","modified_gmt":"2025-05-31T15:26:01","slug":"inicio-municipios-y-entidades-gubernamentales","status":"publish","type":"page","link":"https:\/\/municipal.actiontracker.eu\/","title":{"rendered":"Inicio Municipios y Entidades Gubernamentales"},"content":{"rendered":"\t\t<div data-elementor-type=\"wp-page\" data-elementor-id=\"44\" class=\"elementor elementor-44\" data-elementor-post-type=\"page\">\n\t\t\t\t<div class=\"elementor-element elementor-element-5411f8a4 e-flex e-con-boxed e-con e-parent\" data-id=\"5411f8a4\" data-element_type=\"container\" data-settings=\"{&quot;background_background&quot;:&quot;classic&quot;}\">\n\t\t\t\t\t<div class=\"e-con-inner\">\n\t\t<div class=\"elementor-element elementor-element-5e97946b e-con-full e-flex e-con e-child\" data-id=\"5e97946b\" data-element_type=\"container\">\n\t\t<div class=\"elementor-element elementor-element-343b21ff e-con-full e-flex e-con e-child\" data-id=\"343b21ff\" data-element_type=\"container\">\n\t\t<div class=\"elementor-element elementor-element-12f9128c e-con-full e-flex e-con e-child\" data-id=\"12f9128c\" data-element_type=\"container\">\n\t\t\t\t<div class=\"elementor-element elementor-element-97b3982 elementor-widget elementor-widget-image\" data-id=\"97b3982\" data-element_type=\"widget\" data-widget_type=\"image.default\">\n\t\t\t\t<div class=\"elementor-widget-container\">\n\t\t\t\t\t\t\t\t\t\t\t\t\t\t\t<img decoding=\"async\" width=\"151\" height=\"44\" src=\"https:\/\/municipal.actiontracker.eu\/wp-content\/uploads\/2025\/05\/Sin-titulo-1-26-2-1.png\" class=\"attachment-full size-full wp-image-17\" alt=\"\" \/>\t\t\t\t\t\t\t\t\t\t\t\t\t\t\t<\/div>\n\t\t\t\t<\/div>\n\t\t\t\t<\/div>\n\t\t<div class=\"elementor-element elementor-element-40fbcc42 e-con-full e-flex e-con e-child\" data-id=\"40fbcc42\" data-element_type=\"container\">\n\t\t\t\t<div class=\"elementor-element elementor-element-878e242 elementor-widget elementor-widget-heading\" data-id=\"878e242\" data-element_type=\"widget\" data-widget_type=\"heading.default\">\n\t\t\t\t<div class=\"elementor-widget-container\">\n\t\t\t\t\t<h2 class=\"elementor-heading-title elementor-size-default\">Un ecosistema de soluciones para<\/h2>\t\t\t\t<\/div>\n\t\t\t\t<\/div>\n\t\t\t\t<div class=\"elementor-element elementor-element-4effe42a elementor-widget elementor-widget-heading\" data-id=\"4effe42a\" data-element_type=\"widget\" data-widget_type=\"heading.default\">\n\t\t\t\t<div class=\"elementor-widget-container\">\n\t\t\t\t\t<h2 class=\"elementor-heading-title elementor-size-default\">Municipios y Entidades Gubernamentales<\/h2>\t\t\t\t<\/div>\n\t\t\t\t<\/div>\n\t\t\t\t<div class=\"elementor-element elementor-element-48d1d4f3 elementor-widget elementor-widget-button\" data-id=\"48d1d4f3\" data-element_type=\"widget\" data-widget_type=\"button.default\">\n\t\t\t\t<div class=\"elementor-widget-container\">\n\t\t\t\t\t\t\t\t\t<div class=\"elementor-button-wrapper\">\n\t\t\t\t\t<a class=\"elementor-button elementor-button-link elementor-size-sm\" href=\"https:\/\/actiontracker.eu\/contactenos\/\">\n\t\t\t\t\t\t<span class=\"elementor-button-content-wrapper\">\n\t\t\t\t\t\t\t\t\t<span class=\"elementor-button-text\">Quiero saber m\u00e1s<\/span>\n\t\t\t\t\t<\/span>\n\t\t\t\t\t<\/a>\n\t\t\t\t<\/div>\n\t\t\t\t\t\t\t\t<\/div>\n\t\t\t\t<\/div>\n\t\t\t\t<\/div>\n\t\t\t\t<\/div>\n\t\t\t\t<\/div>\n\t\t<div class=\"elementor-element elementor-element-5af66ba2 e-con-full elementor-hidden-tablet elementor-hidden-mobile e-flex e-con e-child\" data-id=\"5af66ba2\" data-element_type=\"container\">\n\t\t\t\t<\/div>\n\t\t\t\t\t<\/div>\n\t\t\t\t<\/div>\n\t\t<div class=\"elementor-element elementor-element-65402f8a e-flex e-con-boxed e-con e-parent\" data-id=\"65402f8a\" data-element_type=\"container\">\n\t\t\t\t\t<div class=\"e-con-inner\">\n\t\t<div class=\"elementor-element elementor-element-9b273c7 e-con-full e-flex e-con e-child\" data-id=\"9b273c7\" data-element_type=\"container\" data-settings=\"{&quot;background_background&quot;:&quot;classic&quot;}\">\n\t\t<div class=\"elementor-element elementor-element-54824630 e-con-full e-flex e-con e-child\" data-id=\"54824630\" data-element_type=\"container\">\n\t\t\t\t<div class=\"elementor-element elementor-element-6d2ece8 elementor-widget elementor-widget-heading\" data-id=\"6d2ece8\" data-element_type=\"widget\" data-widget_type=\"heading.default\">\n\t\t\t\t<div class=\"elementor-widget-container\">\n\t\t\t\t\t<h3 class=\"elementor-heading-title elementor-size-default\">A trav\u00e9s de una <span class=\"orange\">interfaz intuitiva<\/span> y conectividad avanzada,  <span class=\"orange\">permite un control y seguridad total <\/span> en el entorno de trabajo.<\/h3>\t\t\t\t<\/div>\n\t\t\t\t<\/div>\n\t\t\t\t<\/div>\n\t\t<div class=\"elementor-element elementor-element-5df99cc3 e-con-full e-flex e-con e-child\" data-id=\"5df99cc3\" data-element_type=\"container\">\n\t\t\t\t<div class=\"elementor-element elementor-element-110a3852 elementor-widget elementor-widget-image\" data-id=\"110a3852\" data-element_type=\"widget\" data-widget_type=\"image.default\">\n\t\t\t\t<div class=\"elementor-widget-container\">\n\t\t\t\t\t\t\t\t\t\t\t\t\t\t\t<img fetchpriority=\"high\" decoding=\"async\" width=\"330\" height=\"535\" src=\"https:\/\/municipal.actiontracker.eu\/wp-content\/uploads\/2025\/05\/Group-185-6.png\" class=\"attachment-full size-full wp-image-48\" alt=\"\" srcset=\"https:\/\/municipal.actiontracker.eu\/wp-content\/uploads\/2025\/05\/Group-185-6.png 330w, https:\/\/municipal.actiontracker.eu\/wp-content\/uploads\/2025\/05\/Group-185-6-185x300.png 185w\" sizes=\"(max-width: 330px) 100vw, 330px\" \/>\t\t\t\t\t\t\t\t\t\t\t\t\t\t\t<\/div>\n\t\t\t\t<\/div>\n\t\t\t\t<\/div>\n\t\t\t\t<\/div>\n\t\t\t\t\t<\/div>\n\t\t\t\t<\/div>\n\t\t<div class=\"elementor-element elementor-element-2679a1cd e-con-full e-flex e-con e-parent\" data-id=\"2679a1cd\" data-element_type=\"container\" data-settings=\"{&quot;background_background&quot;:&quot;classic&quot;}\">\n\t\t\t\t<\/div>\n\t\t<div class=\"elementor-element elementor-element-6b0b67d4 e-con-full e-flex e-con e-parent\" data-id=\"6b0b67d4\" data-element_type=\"container\" data-settings=\"{&quot;background_background&quot;:&quot;classic&quot;}\">\n\t\t<div class=\"elementor-element elementor-element-5ac74a81 e-con-full e-flex e-con e-child\" data-id=\"5ac74a81\" data-element_type=\"container\">\n\t\t\t\t<div class=\"elementor-element elementor-element-7b166a elementor-widget elementor-widget-text-editor\" data-id=\"7b166a\" data-element_type=\"widget\" data-widget_type=\"text-editor.default\">\n\t\t\t\t<div class=\"elementor-widget-container\">\n\t\t\t\t\t\t\t\t\t<p>Exocare ha sido dise\u00f1ada para responder a los desaf\u00edos operativos y de seguridad que enfrentan la industria e\u00f3lica. Su implementaci\u00f3n no solo transforma la gesti\u00f3n operativa, sino que ofrece beneficios concretos y medibles en t\u00e9rminos de seguridad, eficiencia y sostenibilidad econ\u00f3mica.<br \/><br \/>La gesti\u00f3n inteligente de tareas, que permite asignar, supervisar y validar actividades en tiempo real, ya sea a trabajadores individuales, cuadrillas o subcontratas. <br \/><br \/>Ademas en entornos peligrosos, el sistema de alertas ofrece monitoreo en tiempo real y protocolos de respuesta automatizados que permiten actuar con rapidez ante cualquier incidente, minimizando riesgos humanos, materiales e impactando directamente en una menor incidencia de bajas laborales, la reducci\u00f3n de costes econ\u00f3micos asociados a la interrupci\u00f3n de actividades, reemplazos o sanciones legales.<br \/><br \/>Gracias a su funcionalidad de geolocalizaci\u00f3n en tiempo real, es posible saber con exactitud d\u00f3nde se encuentran tanto el personal como los equipos,mejorando la log\u00edstica.<\/p>\t\t\t\t\t\t\t\t<\/div>\n\t\t\t\t<\/div>\n\t\t\t\t<\/div>\n\t\t<div class=\"elementor-element elementor-element-659b4beb e-con-full e-flex e-con e-child\" data-id=\"659b4beb\" data-element_type=\"container\">\n\t\t\t\t<div class=\"elementor-element elementor-element-4c251304 elementor-widget elementor-widget-video\" data-id=\"4c251304\" data-element_type=\"widget\" data-settings=\"{&quot;youtube_url&quot;:&quot;https:\\\/\\\/www.youtube.com\\\/watch?v=hvnFYgEtAC4&quot;,&quot;video_type&quot;:&quot;youtube&quot;,&quot;controls&quot;:&quot;yes&quot;}\" data-widget_type=\"video.default\">\n\t\t\t\t<div class=\"elementor-widget-container\">\n\t\t\t\t\t\t\t<div class=\"elementor-wrapper elementor-open-inline\">\n\t\t\t<div class=\"elementor-video\"><\/div>\t\t<\/div>\n\t\t\t\t\t\t<\/div>\n\t\t\t\t<\/div>\n\t\t\t\t<\/div>\n\t\t\t\t<\/div>\n\t\t<div class=\"elementor-element elementor-element-19ddcb2a e-flex e-con-boxed e-con e-parent\" data-id=\"19ddcb2a\" data-element_type=\"container\">\n\t\t\t\t\t<div class=\"e-con-inner\">\n\t\t<div class=\"elementor-element elementor-element-424cb185 e-con-full e-flex e-con e-child\" data-id=\"424cb185\" data-element_type=\"container\">\n\t\t\t\t<div class=\"elementor-element elementor-element-1d53d8a5 elementor-widget elementor-widget-heading\" data-id=\"1d53d8a5\" data-element_type=\"widget\" data-widget_type=\"heading.default\">\n\t\t\t\t<div class=\"elementor-widget-container\">\n\t\t\t\t\t<h3 class=\"elementor-heading-title elementor-size-default\"><b>Exocare es una aliada clave!<\/b> \npara optimizar recursos, proteger al equipo humano y garantizar la continuidad de las operaciones en los sectores m\u00e1s exigentes.<\/h3>\t\t\t\t<\/div>\n\t\t\t\t<\/div>\n\t\t\t\t<\/div>\n\t\t\t\t\t<\/div>\n\t\t\t\t<\/div>\n\t\t<div class=\"elementor-element elementor-element-7ad706a4 e-con-full e-flex e-con e-parent\" data-id=\"7ad706a4\" data-element_type=\"container\" data-settings=\"{&quot;background_background&quot;:&quot;classic&quot;}\">\n\t\t<div class=\"elementor-element elementor-element-dcec6cc e-con-full e-flex e-con e-child\" data-id=\"dcec6cc\" data-element_type=\"container\">\n\t\t\t\t<div class=\"elementor-element elementor-element-78ce704a elementor-widget elementor-widget-heading\" data-id=\"78ce704a\" data-element_type=\"widget\" data-widget_type=\"heading.default\">\n\t\t\t\t<div class=\"elementor-widget-container\">\n\t\t\t\t\t<h2 class=\"elementor-heading-title elementor-size-default\">\u00bfBuscas seguridad para el personal y los bienes de tu empresa?<\/h2>\t\t\t\t<\/div>\n\t\t\t\t<\/div>\n\t\t\t\t<div class=\"elementor-element elementor-element-53897771 elementor-widget elementor-widget-heading\" data-id=\"53897771\" data-element_type=\"widget\" data-widget_type=\"heading.default\">\n\t\t\t\t<div class=\"elementor-widget-container\">\n\t\t\t\t\t<h2 class=\"elementor-heading-title elementor-size-default\">Cont\u00e1ctanos y recibe toda la informaci\u00f3n que necesitas<\/h2>\t\t\t\t<\/div>\n\t\t\t\t<\/div>\n\t\t\t\t<div class=\"elementor-element elementor-element-b87d0bb elementor-widget elementor-widget-button\" data-id=\"b87d0bb\" data-element_type=\"widget\" data-widget_type=\"button.default\">\n\t\t\t\t<div class=\"elementor-widget-container\">\n\t\t\t\t\t\t\t\t\t<div class=\"elementor-button-wrapper\">\n\t\t\t\t\t<a class=\"elementor-button elementor-button-link elementor-size-sm\" href=\"https:\/\/actiontracker.eu\/contactenos\/\">\n\t\t\t\t\t\t<span class=\"elementor-button-content-wrapper\">\n\t\t\t\t\t\t\t\t\t<span class=\"elementor-button-text\">Contactar<\/span>\n\t\t\t\t\t<\/span>\n\t\t\t\t\t<\/a>\n\t\t\t\t<\/div>\n\t\t\t\t\t\t\t\t<\/div>\n\t\t\t\t<\/div>\n\t\t\t\t<\/div>\n\t\t\t\t<\/div>\n\t\t\t\t<\/div>\n\t\t","protected":false},"excerpt":{"rendered":"<p>Un ecosistema de soluciones para Municipios y Entidades Gubernamentales Quiero saber m\u00e1s A trav\u00e9s de una interfaz intuitiva y conectividad [&hellip;]<\/p>\n","protected":false},"author":1,"featured_media":0,"parent":0,"menu_order":0,"comment_status":"closed","ping_status":"closed","template":"","meta":{"site-sidebar-layout":"no-sidebar","site-content-layout":"","ast-site-content-layout":"full-width-container","site-content-style":"default","site-sidebar-style":"default","ast-global-header-display":"","ast-banner-title-visibility":"","ast-main-header-display":"","ast-hfb-above-header-display":"","ast-hfb-below-header-display":"","ast-hfb-mobile-header-display":"","site-post-title":"disabled","ast-breadcrumbs-content":"","ast-featured-img":"disabled","footer-sml-layout":"","theme-transparent-header-meta":"","adv-header-id-meta":"","stick-header-meta":"","header-above-stick-meta":"","header-main-stick-meta":"","header-below-stick-meta":"","astra-migrate-meta-layouts":"default","ast-page-background-enabled":"default","ast-page-background-meta":{"desktop":{"background-color":"var(--ast-global-color-5)","background-image":"","background-repeat":"repeat","background-position":"center center","background-size":"auto","background-attachment":"scroll","background-type":"","background-media":"","overlay-type":"","overlay-color":"","overlay-opacity":"","overlay-gradient":""},"tablet":{"background-color":"","background-image":"","background-repeat":"repeat","background-position":"center center","background-size":"auto","background-attachment":"scroll","background-type":"","background-media":"","overlay-type":"","overlay-color":"","overlay-opacity":"","overlay-gradient":""},"mobile":{"background-color":"","background-image":"","background-repeat":"repeat","background-position":"center center","background-size":"auto","background-attachment":"scroll","background-type":"","background-media":"","overlay-type":"","overlay-color":"","overlay-opacity":"","overlay-gradient":""}},"ast-content-background-meta":{"desktop":{"background-color":"var(--ast-global-color-4)","background-image":"","background-repeat":"repeat","background-position":"center center","background-size":"auto","background-attachment":"scroll","background-type":"","background-media":"","overlay-type":"","overlay-color":"","overlay-opacity":"","overlay-gradient":""},"tablet":{"background-color":"var(--ast-global-color-4)","background-image":"","background-repeat":"repeat","background-position":"center center","background-size":"auto","background-attachment":"scroll","background-type":"","background-media":"","overlay-type":"","overlay-color":"","overlay-opacity":"","overlay-gradient":""},"mobile":{"background-color":"var(--ast-global-color-4)","background-image":"","background-repeat":"repeat","background-position":"center center","background-size":"auto","background-attachment":"scroll","background-type":"","background-media":"","overlay-type":"","overlay-color":"","overlay-opacity":"","overlay-gradient":""}},"footnotes":""},"class_list":["post-44","page","type-page","status-publish","hentry"],"_links":{"self":[{"href":"https:\/\/municipal.actiontracker.eu\/index.php\/wp-json\/wp\/v2\/pages\/44","targetHints":{"allow":["GET"]}}],"collection":[{"href":"https:\/\/municipal.actiontracker.eu\/index.php\/wp-json\/wp\/v2\/pages"}],"about":[{"href":"https:\/\/municipal.actiontracker.eu\/index.php\/wp-json\/wp\/v2\/types\/page"}],"author":[{"embeddable":true,"href":"https:\/\/municipal.actiontracker.eu\/index.php\/wp-json\/wp\/v2\/users\/1"}],"replies":[{"embeddable":true,"href":"https:\/\/municipal.actiontracker.eu\/index.php\/wp-json\/wp\/v2\/comments?post=44"}],"version-history":[{"count":4,"href":"https:\/\/municipal.actiontracker.eu\/index.php\/wp-json\/wp\/v2\/pages\/44\/revisions"}],"predecessor-version":[{"id":52,"href":"https:\/\/municipal.actiontracker.eu\/index.php\/wp-json\/wp\/v2\/pages\/44\/revisions\/52"}],"wp:attachment":[{"href":"https:\/\/municipal.actiontracker.eu\/index.php\/wp-json\/wp\/v2\/media?parent=44"}],"curies":[{"name":"wp","href":"https:\/\/api.w.org\/{rel}","templated":true}]}}